{"id":7093,"date":"2022-07-20T13:21:15","date_gmt":"2022-07-20T13:21:15","guid":{"rendered":"https:\/\/earthcare.qodeinteractive.com\/?page_id=7093"},"modified":"2023-04-25T07:57:22","modified_gmt":"2023-04-25T07:57:22","slug":"get-in-touch","status":"publish","type":"page","link":"https:\/\/www.goyo.pl\/index.php\/get-in-touch\/","title":{"rendered":"Get In Touch"},"content":{"rendered":"\t\t<div data-elementor-type=\"wp-page\" data-elementor-id=\"7093\" class=\"elementor elementor-7093\">\n\t\t\t\t\t\t<section class=\"elementor-section elementor-top-section elementor-element elementor-element-2fee595 elementor-section-full_width qodef-elementor-content-grid elementor-section-height-default elementor-section-height-default\" data-id=\"2fee595\" data-element_type=\"section\">\n\t\t\t\t\t\t<div class=\"elementor-container elementor-column-gap-no\">\n\t\t\t\t\t<div class=\"elementor-column elementor-col-50 elementor-top-column elementor-element elementor-element-3ef18e0\" data-id=\"3ef18e0\" data-element_type=\"column\">\n\t\t\t<div class=\"elementor-widget-wrap elementor-element-populated\">\n\t\t\t\t\t\t<div class=\"elementor-element elementor-element-114d47d elementor-widget elementor-widget-earthcare_core_section_title\" data-id=\"114d47d\" data-element_type=\"widget\" data-widget_type=\"earthcare_core_section_title.default\">\n\t\t\t\t<div class=\"elementor-widget-container\">\n\t\t\t<div class=\"qodef-shortcode qodef-m  qodef-section-title qodef-alignment--left \">\n\t\t\t<h4 class=\"qodef-m-title\" >\n\t\t\t\t\tContact us\t\t\t<\/h4>\n\t<\/div>\n\t\t<\/div>\n\t\t\t\t<\/div>\n\t\t\t\t<section class=\"elementor-section elementor-inner-section elementor-element elementor-element-762a4f5 elementor-section-full_width elementor-section-height-default elementor-section-height-default qodef-elementor-content-no\" data-id=\"762a4f5\" data-element_type=\"section\">\n\t\t\t\t\t\t<div class=\"elementor-container elementor-column-gap-no\">\n\t\t\t\t\t<div class=\"elementor-column elementor-col-50 elementor-inner-column elementor-element elementor-element-b3cbd43\" data-id=\"b3cbd43\" data-element_type=\"column\">\n\t\t\t<div class=\"elementor-widget-wrap elementor-element-populated\">\n\t\t\t\t\t\t<div class=\"elementor-element elementor-element-3f88228 elementor-widget elementor-widget-earthcare_core_icon_with_text\" data-id=\"3f88228\" data-element_type=\"widget\" data-widget_type=\"earthcare_core_icon_with_text.default\">\n\t\t\t\t<div class=\"elementor-widget-container\">\n\t\t\t<div class=\"qodef-shortcode qodef-m  qodef-icon-with-text qodef-layout--before-title qodef--custom-icon qodef--retina  qodef-icon-with-text--underline  \">\n\t<div class=\"qodef-m-content\">\n\t\t\t\t\t<\/div>\n<\/div>\n\t\t<\/div>\n\t\t\t\t<\/div>\n\t\t\t\t<div class=\"elementor-element elementor-element-a5868ba elementor-widget elementor-widget-earthcare_core_icon_with_text\" data-id=\"a5868ba\" data-element_type=\"widget\" data-widget_type=\"earthcare_core_icon_with_text.default\">\n\t\t\t\t<div class=\"elementor-widget-container\">\n\t\t\t<div class=\"qodef-shortcode qodef-m  qodef-icon-with-text qodef-layout--before-title qodef--custom-icon qodef--retina  qodef-icon-with-text--underline  \">\n\t<div class=\"qodef-m-content\">\n\t\t\t<p class=\"qodef-m-title\" >\n\t\t\t\t\t<a itemprop=\"url\" href=\"mailto:earthcare@example.com\" target=\"_self\">\n\t\t\t\t\t<span class=\"qodef-m-title-inner\">\n\t\t\t\t<span class=\"qodef-m-icon-wrapper\" style=\"width: 19px;margin-right: 10px\">\n\t\t\t\t\t<img width=\"38\" height=\"38\" src=\"https:\/\/www.goyo.pl\/wp-content\/uploads\/2022\/07\/icon-info-3.png\" class=\"attachment-full size-full\" alt=\"q\" \/>\t\t\t\t<\/span>\n\t\t\t\t<span class=\"qodef-m-title-text\">\n\t\t\t\t\thello@goyo.pl\t\t\t\t<\/span>\n\t\t\t<\/span>\n\t\t\t\t\t<\/a>\n\t\t\t<\/p>\n\t\t\t<\/div>\n<\/div>\n\t\t<\/div>\n\t\t\t\t<\/div>\n\t\t\t\t\t<\/div>\n\t\t<\/div>\n\t\t\t\t<div class=\"elementor-column elementor-col-50 elementor-inner-column elementor-element elementor-element-c91f3e1\" data-id=\"c91f3e1\" data-element_type=\"column\">\n\t\t\t<div class=\"elementor-widget-wrap elementor-element-populated\">\n\t\t\t\t\t\t<div class=\"elementor-element elementor-element-10e54a3 elementor-widget elementor-widget-earthcare_core_icon_with_text\" data-id=\"10e54a3\" data-element_type=\"widget\" data-widget_type=\"earthcare_core_icon_with_text.default\">\n\t\t\t\t<div class=\"elementor-widget-container\">\n\t\t\t<div class=\"qodef-shortcode qodef-m  qodef-icon-with-text qodef-layout--before-title qodef--custom-icon qodef--retina  qodef-icon-with-text--underline  \">\n\t<div class=\"qodef-m-content\">\n\t\t\t\t\t<\/div>\n<\/div>\n\t\t<\/div>\n\t\t\t\t<\/div>\n\t\t\t\t<div class=\"elementor-element elementor-element-719eaf8 elementor-widget elementor-widget-earthcare_core_icon_with_text\" data-id=\"719eaf8\" data-element_type=\"widget\" data-widget_type=\"earthcare_core_icon_with_text.default\">\n\t\t\t\t<div class=\"elementor-widget-container\">\n\t\t\t<div class=\"qodef-shortcode qodef-m  qodef-icon-with-text qodef-layout--before-title qodef--custom-icon qodef--retina  qodef-icon-with-text--underline  \">\n\t<div class=\"qodef-m-content\">\n\t\t\t\t\t<\/div>\n<\/div>\n\t\t<\/div>\n\t\t\t\t<\/div>\n\t\t\t\t\t<\/div>\n\t\t<\/div>\n\t\t\t\t\t<\/div>\n\t\t<\/section>\n\t\t\t\t<div class=\"elementor-element elementor-element-3c553e0 elementor-widget elementor-widget-earthcare_core_icon_with_text\" data-id=\"3c553e0\" data-element_type=\"widget\" data-widget_type=\"earthcare_core_icon_with_text.default\">\n\t\t\t\t<div class=\"elementor-widget-container\">\n\t\t\t<div class=\"qodef-shortcode qodef-m  qodef-icon-with-text qodef-layout--before-title qodef--custom-icon qodef--retina  qodef-icon-with-text--underline  \">\n\t<div class=\"qodef-m-content\">\n\t\t\t<p class=\"qodef-m-title\" >\n\t\t\t\t\t<a itemprop=\"url\" href=\"tel:+123456789999\" target=\"_self\">\n\t\t\t\t\t<span class=\"qodef-m-title-inner\">\n\t\t\t\t<span class=\"qodef-m-icon-wrapper\" style=\"width: 19px;margin-right: 10px\">\n\t\t\t\t\t<img width=\"38\" height=\"38\" src=\"https:\/\/www.goyo.pl\/wp-content\/uploads\/2022\/07\/icon-info-2.png\" class=\"attachment-full size-full\" alt=\"q\" \/>\t\t\t\t<\/span>\n\t\t\t\t<span class=\"qodef-m-title-text\">\n\t\t\t\t\t+48-502363215 Marek\t\t\t\t<\/span>\n\t\t\t<\/span>\n\t\t\t\t\t<\/a>\n\t\t\t<\/p>\n\t\t\t<\/div>\n<\/div>\n\t\t<\/div>\n\t\t\t\t<\/div>\n\t\t\t\t<div class=\"elementor-element elementor-element-3c49610 elementor-widget elementor-widget-earthcare_core_icon_with_text\" data-id=\"3c49610\" data-element_type=\"widget\" data-widget_type=\"earthcare_core_icon_with_text.default\">\n\t\t\t\t<div class=\"elementor-widget-container\">\n\t\t\t<div class=\"qodef-shortcode qodef-m  qodef-icon-with-text qodef-layout--before-title qodef--custom-icon qodef--retina  qodef-icon-with-text--underline  \">\n\t<div class=\"qodef-m-content\">\n\t\t\t<p class=\"qodef-m-title\" >\n\t\t\t\t\t<a itemprop=\"url\" href=\"tel:+123456789999\" target=\"_self\">\n\t\t\t\t\t<span class=\"qodef-m-title-inner\">\n\t\t\t\t<span class=\"qodef-m-icon-wrapper\" style=\"width: 19px;margin-right: 10px\">\n\t\t\t\t\t<img width=\"38\" height=\"38\" src=\"https:\/\/www.goyo.pl\/wp-content\/uploads\/2022\/07\/icon-info-2.png\" class=\"attachment-full size-full\" alt=\"q\" \/>\t\t\t\t<\/span>\n\t\t\t\t<span class=\"qodef-m-title-text\">\n\t\t\t\t\t+48-660744007 Kasia\t\t\t\t<\/span>\n\t\t\t<\/span>\n\t\t\t\t\t<\/a>\n\t\t\t<\/p>\n\t\t\t<\/div>\n<\/div>\n\t\t<\/div>\n\t\t\t\t<\/div>\n\t\t\t\t<div class=\"elementor-element elementor-element-cdabd84 elementor-widget elementor-widget-earthcare_core_icon_with_text\" data-id=\"cdabd84\" data-element_type=\"widget\" data-widget_type=\"earthcare_core_icon_with_text.default\">\n\t\t\t\t<div class=\"elementor-widget-container\">\n\t\t\t<div class=\"qodef-shortcode qodef-m  qodef-icon-with-text qodef-layout--before-title qodef--custom-icon qodef--retina  qodef-icon-with-text--underline  \">\n\t<div class=\"qodef-m-content\">\n\t\t\t\t\t<\/div>\n<\/div>\n\t\t<\/div>\n\t\t\t\t<\/div>\n\t\t\t\t\t<\/div>\n\t\t<\/div>\n\t\t\t\t<div class=\"elementor-column elementor-col-50 elementor-top-column elementor-element elementor-element-a3a1240\" data-id=\"a3a1240\" data-element_type=\"column\">\n\t\t\t<div class=\"elementor-widget-wrap elementor-element-populated\">\n\t\t\t\t\t\t<section class=\"elementor-section elementor-inner-section elementor-element elementor-element-7ee3fa2 elementor-section-full_width elementor-section-height-default elementor-section-height-default qodef-elementor-content-no\" data-id=\"7ee3fa2\" data-element_type=\"section\">\n\t\t\t\t\t\t<div class=\"elementor-container elementor-column-gap-no\">\n\t\t\t\t\t<div class=\"elementor-column elementor-col-50 elementor-inner-column elementor-element elementor-element-2b2dcf3\" data-id=\"2b2dcf3\" data-element_type=\"column\">\n\t\t\t<div class=\"elementor-widget-wrap elementor-element-populated\">\n\t\t\t\t\t\t<div class=\"elementor-element elementor-element-cbd94f4 elementor-widget elementor-widget-earthcare_core_section_title\" data-id=\"cbd94f4\" data-element_type=\"widget\" data-widget_type=\"earthcare_core_section_title.default\">\n\t\t\t\t<div class=\"elementor-widget-container\">\n\t\t\t<div class=\"qodef-shortcode qodef-m  qodef-section-title qodef-alignment--left \">\n\t\t\t<h4 class=\"qodef-m-title\" >\n\t\t\t\t\tInspiro\t\t\t<\/h4>\n\t<\/div>\n\t\t<\/div>\n\t\t\t\t<\/div>\n\t\t\t\t<div class=\"elementor-element elementor-element-1ae8dc9 elementor-widget elementor-widget-earthcare_core_icon_with_text\" data-id=\"1ae8dc9\" data-element_type=\"widget\" data-widget_type=\"earthcare_core_icon_with_text.default\">\n\t\t\t\t<div class=\"elementor-widget-container\">\n\t\t\t<div class=\"qodef-shortcode qodef-m  qodef-icon-with-text qodef-layout--before-title qodef--custom-icon qodef--retina  qodef-icon-with-text--underline  \">\n\t<div class=\"qodef-m-content\">\n\t\t\t\t\t<\/div>\n<\/div>\n\t\t<\/div>\n\t\t\t\t<\/div>\n\t\t\t\t<div class=\"elementor-element elementor-element-59383bd elementor-widget elementor-widget-earthcare_core_icon_with_text\" data-id=\"59383bd\" data-element_type=\"widget\" data-widget_type=\"earthcare_core_icon_with_text.default\">\n\t\t\t\t<div class=\"elementor-widget-container\">\n\t\t\t<div class=\"qodef-shortcode qodef-m  qodef-icon-with-text qodef-layout--before-title qodef--custom-icon qodef--retina  qodef-icon-with-text--underline  \">\n\t<div class=\"qodef-m-content\">\n\t\t\t<p class=\"qodef-m-title\" >\n\t\t\t\t\t<a itemprop=\"url\" href=\"https:\/\/www.google.com\/maps\/place\/Glasgow,+UK\/@55.8554731,-4.3759769,12z\/data=!3m1!4b1!4m9!1m2!2m1!1s29+Casburn+Lane,+Glasgow!3m5!1s0x488815562056ceeb:0x71e683b805ef511e!8m2!3d55.864237!4d-4.251806!15sChgyOSBDYXNidXJuIExhbmUsIEdsYXNnb3eSAQhsb2NhbGl0eQ\" target=\"_blank\">\n\t\t\t\t\t<span class=\"qodef-m-title-inner\">\n\t\t\t\t<span class=\"qodef-m-icon-wrapper\" style=\"width: 19px;margin-right: 10px\">\n\t\t\t\t\t<img width=\"38\" height=\"38\" src=\"https:\/\/www.goyo.pl\/wp-content\/uploads\/2022\/07\/icon-info-1.png\" class=\"attachment-full size-full\" alt=\"q\" \/>\t\t\t\t<\/span>\n\t\t\t\t<span class=\"qodef-m-title-text\">\n\t\t\t\t\tPo\u015bwi\u0119cka 12 51-128 Wroc\u0142aw\t\t\t\t<\/span>\n\t\t\t<\/span>\n\t\t\t\t\t<\/a>\n\t\t\t<\/p>\n\t\t\t<\/div>\n<\/div>\n\t\t<\/div>\n\t\t\t\t<\/div>\n\t\t\t\t\t<\/div>\n\t\t<\/div>\n\t\t\t\t<div class=\"elementor-column elementor-col-50 elementor-inner-column elementor-element elementor-element-f8a8215\" data-id=\"f8a8215\" data-element_type=\"column\">\n\t\t\t<div class=\"elementor-widget-wrap elementor-element-populated\">\n\t\t\t\t\t\t<div class=\"elementor-element elementor-element-1b81715 elementor-widget elementor-widget-earthcare_core_icon_with_text\" data-id=\"1b81715\" data-element_type=\"widget\" data-widget_type=\"earthcare_core_icon_with_text.default\">\n\t\t\t\t<div class=\"elementor-widget-container\">\n\t\t\t<div class=\"qodef-shortcode qodef-m  qodef-icon-with-text qodef-layout--before-title qodef--custom-icon qodef--retina  qodef-icon-with-text--underline  \">\n\t<div class=\"qodef-m-content\">\n\t\t\t\t\t<\/div>\n<\/div>\n\t\t<\/div>\n\t\t\t\t<\/div>\n\t\t\t\t<div class=\"elementor-element elementor-element-4a51375 elementor-widget elementor-widget-earthcare_core_icon_with_text\" data-id=\"4a51375\" data-element_type=\"widget\" data-widget_type=\"earthcare_core_icon_with_text.default\">\n\t\t\t\t<div class=\"elementor-widget-container\">\n\t\t\t<div class=\"qodef-shortcode qodef-m  qodef-icon-with-text qodef-layout--before-title qodef--custom-icon qodef--retina  qodef-icon-with-text--underline  \">\n\t<div class=\"qodef-m-content\">\n\t\t\t\t\t<\/div>\n<\/div>\n\t\t<\/div>\n\t\t\t\t<\/div>\n\t\t\t\t\t<\/div>\n\t\t<\/div>\n\t\t\t\t\t<\/div>\n\t\t<\/section>\n\t\t\t\t<div class=\"elementor-element elementor-element-2c595f1 elementor-widget elementor-widget-earthcare_core_icon_with_text\" data-id=\"2c595f1\" data-element_type=\"widget\" data-widget_type=\"earthcare_core_icon_with_text.default\">\n\t\t\t\t<div class=\"elementor-widget-container\">\n\t\t\t<div class=\"qodef-shortcode qodef-m  qodef-icon-with-text qodef-layout--before-title qodef--custom-icon qodef--retina  qodef-icon-with-text--underline  \">\n\t<div class=\"qodef-m-content\">\n\t\t\t<p class=\"qodef-m-title\" >\n\t\t\t\t\t<a itemprop=\"url\" href=\"https:\/\/www.google.com\/maps\/place\/Glasgow,+UK\/@55.8554731,-4.3759769,12z\/data=!3m1!4b1!4m9!1m2!2m1!1s29+Casburn+Lane,+Glasgow!3m5!1s0x488815562056ceeb:0x71e683b805ef511e!8m2!3d55.864237!4d-4.251806!15sChgyOSBDYXNidXJuIExhbmUsIEdsYXNnb3eSAQhsb2NhbGl0eQ\" target=\"_blank\">\n\t\t\t\t\t<span class=\"qodef-m-title-inner\">\n\t\t\t\t<span class=\"qodef-m-icon-wrapper\" style=\"margin-right: 10px\">\n\t\t\t\t\t\t\t\t\t<\/span>\n\t\t\t\t<span class=\"qodef-m-title-text\">\n\t\t\t\t\tNIP - 895-180-73-09\t\t\t\t<\/span>\n\t\t\t<\/span>\n\t\t\t\t\t<\/a>\n\t\t\t<\/p>\n\t\t\t<\/div>\n<\/div>\n\t\t<\/div>\n\t\t\t\t<\/div>\n\t\t\t\t<div class=\"elementor-element elementor-element-a7fd446 elementor-widget elementor-widget-earthcare_core_icon_with_text\" data-id=\"a7fd446\" data-element_type=\"widget\" data-widget_type=\"earthcare_core_icon_with_text.default\">\n\t\t\t\t<div class=\"elementor-widget-container\">\n\t\t\t<div class=\"qodef-shortcode qodef-m  qodef-icon-with-text qodef-layout--before-title qodef--custom-icon qodef--retina  qodef-icon-with-text--underline  \">\n\t<div class=\"qodef-m-content\">\n\t\t\t<p class=\"qodef-m-title\" >\n\t\t\t\t\t<a itemprop=\"url\" href=\"https:\/\/www.google.com\/maps\/place\/Glasgow,+UK\/@55.8554731,-4.3759769,12z\/data=!3m1!4b1!4m9!1m2!2m1!1s29+Casburn+Lane,+Glasgow!3m5!1s0x488815562056ceeb:0x71e683b805ef511e!8m2!3d55.864237!4d-4.251806!15sChgyOSBDYXNidXJuIExhbmUsIEdsYXNnb3eSAQhsb2NhbGl0eQ\" target=\"_blank\">\n\t\t\t\t\t<span class=\"qodef-m-title-inner\">\n\t\t\t\t<span class=\"qodef-m-icon-wrapper\" style=\"margin-right: 10px\">\n\t\t\t\t\t\t\t\t\t<\/span>\n\t\t\t\t<span class=\"qodef-m-title-text\">\n\t\t\t\t\tREGON - 020629969\t\t\t\t<\/span>\n\t\t\t<\/span>\n\t\t\t\t\t<\/a>\n\t\t\t<\/p>\n\t\t\t<\/div>\n<\/div>\n\t\t<\/div>\n\t\t\t\t<\/div>\n\t\t\t\t<div class=\"elementor-element elementor-element-ad1f697 elementor-widget elementor-widget-earthcare_core_icon_with_text\" data-id=\"ad1f697\" data-element_type=\"widget\" data-widget_type=\"earthcare_core_icon_with_text.default\">\n\t\t\t\t<div class=\"elementor-widget-container\">\n\t\t\t<div class=\"qodef-shortcode qodef-m  qodef-icon-with-text qodef-layout--before-title qodef--custom-icon qodef--retina  qodef-icon-with-text--underline  \">\n\t<div class=\"qodef-m-content\">\n\t\t\t<p class=\"qodef-m-title\" >\n\t\t\t\t\t<a itemprop=\"url\" href=\"https:\/\/www.google.com\/maps\/place\/Glasgow,+UK\/@55.8554731,-4.3759769,12z\/data=!3m1!4b1!4m9!1m2!2m1!1s29+Casburn+Lane,+Glasgow!3m5!1s0x488815562056ceeb:0x71e683b805ef511e!8m2!3d55.864237!4d-4.251806!15sChgyOSBDYXNidXJuIExhbmUsIEdsYXNnb3eSAQhsb2NhbGl0eQ\" target=\"_blank\">\n\t\t\t\t\t<span class=\"qodef-m-title-inner\">\n\t\t\t\t<span class=\"qodef-m-icon-wrapper\" style=\"margin-right: 10px\">\n\t\t\t\t\t\t\t\t\t<\/span>\n\t\t\t\t<span class=\"qodef-m-title-text\">\n\t\t\t\t\tBANK - 31 2490 0005 0000 4500 7779 7894\t\t\t\t<\/span>\n\t\t\t<\/span>\n\t\t\t\t\t<\/a>\n\t\t\t<\/p>\n\t\t\t<\/div>\n<\/div>\n\t\t<\/div>\n\t\t\t\t<\/div>\n\t\t\t\t<div class=\"elementor-element elementor-element-c423c83 elementor-widget elementor-widget-earthcare_core_icon_with_text\" data-id=\"c423c83\" data-element_type=\"widget\" data-widget_type=\"earthcare_core_icon_with_text.default\">\n\t\t\t\t<div class=\"elementor-widget-container\">\n\t\t\t<div class=\"qodef-shortcode qodef-m  qodef-icon-with-text qodef-layout--before-title qodef--custom-icon qodef--retina  qodef-icon-with-text--underline  \">\n\t<div class=\"qodef-m-content\">\n\t\t\t<p class=\"qodef-m-title\" >\n\t\t\t\t\t<a itemprop=\"url\" href=\"https:\/\/www.google.com\/maps\/place\/Glasgow,+UK\/@55.8554731,-4.3759769,12z\/data=!3m1!4b1!4m9!1m2!2m1!1s29+Casburn+Lane,+Glasgow!3m5!1s0x488815562056ceeb:0x71e683b805ef511e!8m2!3d55.864237!4d-4.251806!15sChgyOSBDYXNidXJuIExhbmUsIEdsYXNnb3eSAQhsb2NhbGl0eQ\" target=\"_blank\">\n\t\t\t\t\t<span class=\"qodef-m-title-inner\">\n\t\t\t\t<span class=\"qodef-m-icon-wrapper\" style=\"margin-right: 10px\">\n\t\t\t\t\t\t\t\t\t<\/span>\n\t\t\t\t<span class=\"qodef-m-title-text\">\n\t\t\t\t\tSWIFT - ALBPPLPW\t\t\t\t<\/span>\n\t\t\t<\/span>\n\t\t\t\t\t<\/a>\n\t\t\t<\/p>\n\t\t\t<\/div>\n<\/div>\n\t\t<\/div>\n\t\t\t\t<\/div>\n\t\t\t\t<div class=\"elementor-element elementor-element-8339b38 elementor-widget elementor-widget-earthcare_core_icon_with_text\" data-id=\"8339b38\" data-element_type=\"widget\" data-widget_type=\"earthcare_core_icon_with_text.default\">\n\t\t\t\t<div class=\"elementor-widget-container\">\n\t\t\t<div class=\"qodef-shortcode qodef-m  qodef-icon-with-text qodef-layout--before-title qodef--custom-icon qodef--retina  qodef-icon-with-text--underline  \">\n\t<div class=\"qodef-m-content\">\n\t\t\t\t\t<\/div>\n<\/div>\n\t\t<\/div>\n\t\t\t\t<\/div>\n\t\t\t\t\t<\/div>\n\t\t<\/div>\n\t\t\t\t\t<\/div>\n\t\t<\/section>\n\t\t\t\t<\/div>\n\t\t","protected":false},"excerpt":{"rendered":"<p>Contact us hello@goyo.pl +48-502363215 Marek +48-660744007 Kasia Inspiro Po\u015bwi\u0119cka 12 51-128 Wroc\u0142aw NIP &#8211; 895-180-73-09 REGON &#8211; 020629969 BANK &#8211; 31 2490 0005 0000 4500 7779 7894 SWIFT &#8211; ALBPPLPW<\/p>\n","protected":false},"author":1,"featured_media":0,"parent":0,"menu_order":0,"comment_status":"closed","ping_status":"closed","template":"page-full-width.php","meta":[],"_links":{"self":[{"href":"https:\/\/www.goyo.pl\/index.php\/wp-json\/wp\/v2\/pages\/7093"}],"collection":[{"href":"https:\/\/www.goyo.pl\/index.php\/wp-json\/wp\/v2\/pages"}],"about":[{"href":"https:\/\/www.goyo.pl\/index.php\/wp-json\/wp\/v2\/types\/page"}],"author":[{"embeddable":true,"href":"https:\/\/www.goyo.pl\/index.php\/wp-json\/wp\/v2\/users\/1"}],"replies":[{"embeddable":true,"href":"https:\/\/www.goyo.pl\/index.php\/wp-json\/wp\/v2\/comments?post=7093"}],"version-history":[{"count":14,"href":"https:\/\/www.goyo.pl\/index.php\/wp-json\/wp\/v2\/pages\/7093\/revisions"}],"predecessor-version":[{"id":12440,"href":"https:\/\/www.goyo.pl\/index.php\/wp-json\/wp\/v2\/pages\/7093\/revisions\/12440"}],"wp:attachment":[{"href":"https:\/\/www.goyo.pl\/index.php\/wp-json\/wp\/v2\/media?parent=7093"}],"curies":[{"name":"wp","href":"https:\/\/api.w.org\/{rel}","templated":true}]}}